{"id":77,"date":"2020-08-16T13:16:53","date_gmt":"2020-08-16T13:16:53","guid":{"rendered":"https:\/\/seestern-hund.de\/?page_id=77"},"modified":"2025-04-04T09:11:09","modified_gmt":"2025-04-04T09:11:09","slug":"gemeinsam-schwimmen","status":"publish","type":"page","link":"https:\/\/seestern-hund.de\/","title":{"rendered":"Seestern f\u00fcr Hunde"},"content":{"rendered":"<div class=\"wp-block-image is-style-default\">\n<figure class=\"aligncenter size-large is-resized\"><img loading=\"lazy\" decoding=\"async\" width=\"1024\" height=\"640\" src=\"http:\/\/seestern-hund.de\/wp-content\/uploads\/2020\/08\/schwimmen1b-1-1024x640.png\" alt=\"\" class=\"wp-image-682\" style=\"width:798px;height:auto\" srcset=\"https:\/\/seestern-hund.de\/wp-content\/uploads\/2020\/08\/schwimmen1b-1-1024x640.png 1024w, https:\/\/seestern-hund.de\/wp-content\/uploads\/2020\/08\/schwimmen1b-1-300x188.png 300w, https:\/\/seestern-hund.de\/wp-content\/uploads\/2020\/08\/schwimmen1b-1-768x480.png 768w, https:\/\/seestern-hund.de\/wp-content\/uploads\/2020\/08\/schwimmen1b-1-1536x960.png 1536w, https:\/\/seestern-hund.de\/wp-content\/uploads\/2020\/08\/schwimmen1b-1.png 1920w\" sizes=\"auto, (max-width: 1024px) 100vw, 1024px\" \/><\/figure>\n<\/div>\n\n\n<p class=\"has-text-align-left\">Auch Hunde, die keine <a href=\"http:\/\/seestern-hund.de\/?page_id=1001\">Therapie<\/a> ben\u00f6tigen, d\u00fcrfen gerne bei uns schwimmen kommen. Im Fokus steht das Wohlbefinden Ihrer Lieblinge. \u00dcber eine lange Rampe k\u00f6nnen Sie ihren Vierbeiner motivieren ins Wasser zu gehen.<\/p>\n\n\n\n<div class=\"wp-block-group\"><div class=\"wp-block-group__inner-container is-layout-constrained wp-block-group-is-layout-constrained\"><div class=\"wp-block-image is-style-default\">\n<figure class=\"aligncenter size-large\"><img loading=\"lazy\" decoding=\"async\" width=\"768\" height=\"1024\" src=\"http:\/\/seestern-hund.de\/wp-content\/uploads\/2020\/08\/IMG-20200814-WA0021-768x1024.jpg\" alt=\"\" class=\"wp-image-94\" srcset=\"https:\/\/seestern-hund.de\/wp-content\/uploads\/2020\/08\/IMG-20200814-WA0021-768x1024.jpg 768w, https:\/\/seestern-hund.de\/wp-content\/uploads\/2020\/08\/IMG-20200814-WA0021-225x300.jpg 225w, https:\/\/seestern-hund.de\/wp-content\/uploads\/2020\/08\/IMG-20200814-WA0021-1152x1536.jpg 1152w, https:\/\/seestern-hund.de\/wp-content\/uploads\/2020\/08\/IMG-20200814-WA0021.jpg 1200w\" sizes=\"auto, (max-width: 768px) 100vw, 768px\" \/><figcaption class=\"wp-element-caption\"> Zwei Freunde die wieder ins Wasser wollen! <\/figcaption><\/figure>\n<\/div><\/div><\/div>\n\n\n\n<figure class=\"wp-block-image size-large is-resized is-style-default\"><img loading=\"lazy\" decoding=\"async\" width=\"768\" height=\"1024\" src=\"http:\/\/seestern-hund.de\/wp-content\/uploads\/2020\/08\/IMG-20200814-WA0020-768x1024.jpg\" alt=\"\" class=\"wp-image-20\" style=\"width:766px;height:auto\" srcset=\"https:\/\/seestern-hund.de\/wp-content\/uploads\/2020\/08\/IMG-20200814-WA0020-768x1024.jpg 768w, https:\/\/seestern-hund.de\/wp-content\/uploads\/2020\/08\/IMG-20200814-WA0020-225x300.jpg 225w, https:\/\/seestern-hund.de\/wp-content\/uploads\/2020\/08\/IMG-20200814-WA0020-1152x1536.jpg 1152w, https:\/\/seestern-hund.de\/wp-content\/uploads\/2020\/08\/IMG-20200814-WA0020.jpg 1200w\" sizes=\"auto, (max-width: 768px) 100vw, 768px\" \/><figcaption class=\"wp-element-caption\">  Schwimmwesten stehen uns besonders gut!  <\/figcaption><\/figure>\n\n\n<div class=\"wp-block-image is-style-default\">\n<figure class=\"aligncenter size-large\"><img loading=\"lazy\" decoding=\"async\" width=\"768\" height=\"1024\" src=\"http:\/\/seestern-hund.de\/wp-content\/uploads\/2020\/08\/IMG_20200719_184405-768x1024.jpg\" alt=\"\" class=\"wp-image-90\" srcset=\"https:\/\/seestern-hund.de\/wp-content\/uploads\/2020\/08\/IMG_20200719_184405-768x1024.jpg 768w, https:\/\/seestern-hund.de\/wp-content\/uploads\/2020\/08\/IMG_20200719_184405-225x300.jpg 225w, https:\/\/seestern-hund.de\/wp-content\/uploads\/2020\/08\/IMG_20200719_184405-1152x1536.jpg 1152w, https:\/\/seestern-hund.de\/wp-content\/uploads\/2020\/08\/IMG_20200719_184405-1536x2048.jpg 1536w, https:\/\/seestern-hund.de\/wp-content\/uploads\/2020\/08\/IMG_20200719_184405-scaled.jpg 1920w\" sizes=\"auto, (max-width: 768px) 100vw, 768px\" \/><figcaption class=\"wp-element-caption\">  Hier muss jeder wasserfest sein!  <\/figcaption><\/figure>\n<\/div>\n\n<div class=\"wp-block-image is-resized is-style-default\">\n<figure class=\"aligncenter size-large\"><img loading=\"lazy\" decoding=\"async\" width=\"768\" height=\"1024\" src=\"http:\/\/seestern-hund.de\/wp-content\/uploads\/2020\/08\/IMG_20200719_184230-768x1024.jpg\" alt=\"\" class=\"wp-image-87\" srcset=\"https:\/\/seestern-hund.de\/wp-content\/uploads\/2020\/08\/IMG_20200719_184230-768x1024.jpg 768w, https:\/\/seestern-hund.de\/wp-content\/uploads\/2020\/08\/IMG_20200719_184230-225x300.jpg 225w, https:\/\/seestern-hund.de\/wp-content\/uploads\/2020\/08\/IMG_20200719_184230-1152x1536.jpg 1152w, https:\/\/seestern-hund.de\/wp-content\/uploads\/2020\/08\/IMG_20200719_184230-1536x2048.jpg 1536w, https:\/\/seestern-hund.de\/wp-content\/uploads\/2020\/08\/IMG_20200719_184230-scaled.jpg 1920w\" sizes=\"auto, (max-width: 768px) 100vw, 768px\" \/><figcaption class=\"wp-element-caption\">  Die dicke Nase bleibt oben!  <\/figcaption><\/figure>\n<\/div>\n\n\n<p class=\"has-text-align-center\"><a href=\"http:\/\/seestern-hund.de\/?page_id=2\">Details zum Schwimmbecken<\/a><\/p>\n","protected":false},"excerpt":{"rendered":"<p>Auch Hunde, die keine Therapie ben\u00f6tigen, d\u00fcrfen gerne bei uns schwimmen kommen. Im Fokus steht das Wohlbefinden Ihrer Lieblinge. \u00dcber eine lange Rampe k\u00f6nnen Sie ihren Vierbeiner motivieren ins Wasser zu gehen. Details zum Schwimmbecken<\/p>\n","protected":false},"author":1,"featured_media":0,"parent":0,"menu_order":0,"comment_status":"closed","ping_status":"closed","template":"","meta":{"footnotes":""},"class_list":["post-77","page","type-page","status-publish","hentry"],"_links":{"self":[{"href":"https:\/\/seestern-hund.de\/index.php?rest_route=\/wp\/v2\/pages\/77","targetHints":{"allow":["GET"]}}],"collection":[{"href":"https:\/\/seestern-hund.de\/index.php?rest_route=\/wp\/v2\/pages"}],"about":[{"href":"https:\/\/seestern-hund.de\/index.php?rest_route=\/wp\/v2\/types\/page"}],"author":[{"embeddable":true,"href":"https:\/\/seestern-hund.de\/index.php?rest_route=\/wp\/v2\/users\/1"}],"replies":[{"embeddable":true,"href":"https:\/\/seestern-hund.de\/index.php?rest_route=%2Fwp%2Fv2%2Fcomments&post=77"}],"version-history":[{"count":50,"href":"https:\/\/seestern-hund.de\/index.php?rest_route=\/wp\/v2\/pages\/77\/revisions"}],"predecessor-version":[{"id":1147,"href":"https:\/\/seestern-hund.de\/index.php?rest_route=\/wp\/v2\/pages\/77\/revisions\/1147"}],"wp:attachment":[{"href":"https:\/\/seestern-hund.de\/index.php?rest_route=%2Fwp%2Fv2%2Fmedia&parent=77"}],"curies":[{"name":"wp","href":"https:\/\/api.w.org\/{rel}","templated":true}]}}