{"id":869,"date":"2020-08-21T20:14:51","date_gmt":"2020-08-21T20:14:51","guid":{"rendered":"http:\/\/seestern-hund.de\/?page_id=869"},"modified":"2025-04-04T09:19:34","modified_gmt":"2025-04-04T09:19:34","slug":"ueber-uns","status":"publish","type":"page","link":"http:\/\/seestern-hund.de\/?page_id=869","title":{"rendered":"\u00dcber uns"},"content":{"rendered":"<div class=\"wp-block-image\">\n<figure class=\"aligncenter size-large is-resized\"><img loading=\"lazy\" decoding=\"async\" width=\"754\" height=\"1024\" src=\"http:\/\/seestern-hund.de\/wp-content\/uploads\/2020\/08\/dog6-754x1024.jpg\" alt=\"\" class=\"wp-image-718\" style=\"width:111px;height:151px\" srcset=\"http:\/\/seestern-hund.de\/wp-content\/uploads\/2020\/08\/dog6-754x1024.jpg 754w, http:\/\/seestern-hund.de\/wp-content\/uploads\/2020\/08\/dog6-221x300.jpg 221w, http:\/\/seestern-hund.de\/wp-content\/uploads\/2020\/08\/dog6-768x1044.jpg 768w, http:\/\/seestern-hund.de\/wp-content\/uploads\/2020\/08\/dog6.jpg 942w\" sizes=\"auto, (max-width: 754px) 100vw, 754px\" \/><\/figure>\n<\/div>\n\n\n<p><\/p>\n\n\n\n<p class=\"has-text-align-center\"><\/p>\n\n\n\n<p class=\"has-text-align-center\"><strong>Ein Herzensprojekt f\u00fcr unsere liebsten Vierbeiner<\/strong><\/p>\n\n\n\n<p>Nach zw\u00f6lf Monaten intensiver Arbeit &#8211; gr\u00f6\u00dftenteils in unserer Freizeit &#8211; ist es endlich so weit: Seit M\u00e4rz 2021 steht unser Therapiebecken f\u00fcr Hunde zur Verf\u00fcgung. Es bietet Hunden die M\u00f6glichkeit, nach Operationen gezielt Muskeln aufzubauen, Ausdauer zu trainieren oder bei \u00dcbergewicht sanft in Bewegung zu kommen. Und nat\u00fcrlich darf der Spa\u00df dabei nicht zu kurz kommen, denn das Becken ist auch einfach ein Ort f\u00fcr ausgelassenes Planschen.<\/p>\n\n\n\n<p>Viele fragen sich vielleicht, wie man auf die Idee kommt, ein eigenes Schwimmbecken f\u00fcr Hunde zu bauen und warum man so viel Zeit und Herzblut in ein solches Projekt steckt. Die Antwort ist einfach: <strong>Shira<\/strong>.<\/p>\n\n\n\n<p>Unser geliebtes Rottweiler-M\u00e4dchen Shira wurde mit einer stark ausgepr\u00e4gten H\u00fcftdysplasie geboren. Ihre H\u00fcften waren von Anfang an so schwer gesch\u00e4digt, dass selbst Operationen keine Aussicht auf Besserung boten. Trotz zahlreicher Besuche bei Tier\u00e4rzten und Physiotherapeuten blieb der Alltag f\u00fcr sie von Schmerzen gepr\u00e4gt. Doch wir merkten schnell, wie wohltuend Bewegung im warmen Wasser f\u00fcr sie war &#8211; schmerzlindernd und zugleich st\u00e4rkend f\u00fcr die Muskulatur.<\/p>\n\n\n\n<p>So entstand der Traum, ein eigenes, hundegerechtes Becken zu bauen. Leider hat Shira diesen Moment nicht mehr erleben d\u00fcrfen \u2013 sie verstarb, bevor das Becken fertiggestellt war. Und obwohl man oft sagt, man wolle keinen neuen besten Freund mehr \u2013 fand kurze Zeit sp\u00e4ter unser Rottweiler-Junge <strong>Coseminchen<\/strong> den Weg in unser Herz und unsere Familie.<\/p>\n\n\n\n<p>Mit dem Bau dieses Beckens ging f\u00fcr meinen Mann und mich ein lang gehegter Traum in Erf\u00fcllung. Wir m\u00f6chten dieses besondere Herzensprojekt nun mit Ihnen teilen &#8211; und es stundenweise zur Nutzung anbieten.<\/p>\n\n\n\n<p>Unser Salzwasserbecken ist <strong>6 Meter lang, 3,8 Meter breit<\/strong> und fasst <strong>25.000 Liter<\/strong> Wasser. Es wird konstant auf angenehme <strong>31\u00b0C<\/strong> beheizt. Eine sanft abfallende <strong>Rampe<\/strong> sorgt f\u00fcr einen sicheren Ein- und Ausstieg: Sowohl f\u00fcr Sie als auch f\u00fcr ihre Vierbeiner. Eine moderne <strong>Sandfilteranlage<\/strong> garantiert stets sauberes und hygienisches Wasser.<\/p>\n\n\n\n<p class=\"has-text-align-center\">Ob zur Therapie, zur Fitness oder einfach f\u00fcr eine fr\u00f6hliche Auszeit im Wasser &#8211; wir freuen uns, wenn Sie unser Becken mit ihren Fellnasen nutzt.<\/p>\n\n\n\n<figure class=\"wp-block-image size-large is-resized is-style-default\"><img loading=\"lazy\" decoding=\"async\" width=\"768\" height=\"1024\" src=\"http:\/\/seestern-hund.de\/wp-content\/uploads\/2020\/08\/IMG_20190506_163917-768x1024.jpg\" alt=\"\" class=\"wp-image-50\" srcset=\"http:\/\/seestern-hund.de\/wp-content\/uploads\/2020\/08\/IMG_20190506_163917-768x1024.jpg 768w, http:\/\/seestern-hund.de\/wp-content\/uploads\/2020\/08\/IMG_20190506_163917-225x300.jpg 225w, http:\/\/seestern-hund.de\/wp-content\/uploads\/2020\/08\/IMG_20190506_163917-1152x1536.jpg 1152w, http:\/\/seestern-hund.de\/wp-content\/uploads\/2020\/08\/IMG_20190506_163917-1536x2048.jpg 1536w, http:\/\/seestern-hund.de\/wp-content\/uploads\/2020\/08\/IMG_20190506_163917-1200x1600.jpg 1200w, http:\/\/seestern-hund.de\/wp-content\/uploads\/2020\/08\/IMG_20190506_163917-1980x2640.jpg 1980w, http:\/\/seestern-hund.de\/wp-content\/uploads\/2020\/08\/IMG_20190506_163917-scaled.jpg 1920w\" sizes=\"auto, (max-width: 768px) 100vw, 768px\" \/><figcaption class=\"wp-element-caption\">Stemmarbeiten<\/figcaption><\/figure>\n\n\n\n<figure class=\"wp-block-image size-large is-resized is-style-default\"><img loading=\"lazy\" decoding=\"async\" width=\"768\" height=\"1024\" src=\"http:\/\/seestern-hund.de\/wp-content\/uploads\/2020\/08\/poolbau-13-768x1024.jpg\" alt=\"\" class=\"wp-image-218\" srcset=\"http:\/\/seestern-hund.de\/wp-content\/uploads\/2020\/08\/poolbau-13-768x1024.jpg 768w, http:\/\/seestern-hund.de\/wp-content\/uploads\/2020\/08\/poolbau-13-225x300.jpg 225w, http:\/\/seestern-hund.de\/wp-content\/uploads\/2020\/08\/poolbau-13-1152x1536.jpg 1152w, http:\/\/seestern-hund.de\/wp-content\/uploads\/2020\/08\/poolbau-13-1536x2048.jpg 1536w, http:\/\/seestern-hund.de\/wp-content\/uploads\/2020\/08\/poolbau-13-scaled.jpg 1920w\" sizes=\"auto, (max-width: 768px) 100vw, 768px\" \/><figcaption class=\"wp-element-caption\">Bei der Arbeit<\/figcaption><\/figure>\n\n\n\n<figure class=\"wp-block-image size-large is-resized is-style-default\"><img loading=\"lazy\" decoding=\"async\" width=\"768\" height=\"1024\" src=\"http:\/\/seestern-hund.de\/wp-content\/uploads\/2020\/08\/schwimmbecken_leer-1-768x1024.jpg\" alt=\"\" class=\"wp-image-13\" srcset=\"http:\/\/seestern-hund.de\/wp-content\/uploads\/2020\/08\/schwimmbecken_leer-1-768x1024.jpg 768w, http:\/\/seestern-hund.de\/wp-content\/uploads\/2020\/08\/schwimmbecken_leer-1-225x300.jpg 225w, http:\/\/seestern-hund.de\/wp-content\/uploads\/2020\/08\/schwimmbecken_leer-1-1152x1536.jpg 1152w, http:\/\/seestern-hund.de\/wp-content\/uploads\/2020\/08\/schwimmbecken_leer-1.jpg 1200w\" sizes=\"auto, (max-width: 768px) 100vw, 768px\" \/><figcaption class=\"wp-element-caption\">Das fertige Schwimmbad<\/figcaption><\/figure>\n\n\n\n<p class=\"has-text-align-center\"><a href=\"http:\/\/seestern-hund.de\/\">Ein Seestern f\u00fcr Hunde<\/a><\/p>\n","protected":false},"excerpt":{"rendered":"<p>Ein Herzensprojekt f\u00fcr unsere liebsten Vierbeiner Nach zw\u00f6lf Monaten intensiver Arbeit &#8211; gr\u00f6\u00dftenteils in unserer Freizeit &#8211; ist es endlich so weit: Seit M\u00e4rz 2021 steht unser Therapiebecken f\u00fcr Hunde zur Verf\u00fcgung. Es bietet Hunden die M\u00f6glichkeit, nach Operationen gezielt Muskeln aufzubauen, Ausdauer zu trainieren oder bei \u00dcbergewicht sanft in Bewegung zu kommen. Und nat\u00fcrlich [&hellip;]<\/p>\n","protected":false},"author":1,"featured_media":0,"parent":0,"menu_order":0,"comment_status":"closed","ping_status":"closed","template":"","meta":{"footnotes":""},"class_list":["post-869","page","type-page","status-publish","hentry"],"_links":{"self":[{"href":"http:\/\/seestern-hund.de\/index.php?rest_route=\/wp\/v2\/pages\/869","targetHints":{"allow":["GET"]}}],"collection":[{"href":"http:\/\/seestern-hund.de\/index.php?rest_route=\/wp\/v2\/pages"}],"about":[{"href":"http:\/\/seestern-hund.de\/index.php?rest_route=\/wp\/v2\/types\/page"}],"author":[{"embeddable":true,"href":"http:\/\/seestern-hund.de\/index.php?rest_route=\/wp\/v2\/users\/1"}],"replies":[{"embeddable":true,"href":"http:\/\/seestern-hund.de\/index.php?rest_route=%2Fwp%2Fv2%2Fcomments&post=869"}],"version-history":[{"count":8,"href":"http:\/\/seestern-hund.de\/index.php?rest_route=\/wp\/v2\/pages\/869\/revisions"}],"predecessor-version":[{"id":1151,"href":"http:\/\/seestern-hund.de\/index.php?rest_route=\/wp\/v2\/pages\/869\/revisions\/1151"}],"wp:attachment":[{"href":"http:\/\/seestern-hund.de\/index.php?rest_route=%2Fwp%2Fv2%2Fmedia&parent=869"}],"curies":[{"name":"wp","href":"https:\/\/api.w.org\/{rel}","templated":true}]}}