{"id":332,"date":"2020-08-16T21:15:04","date_gmt":"2020-08-16T21:15:04","guid":{"rendered":"http:\/\/seestern-hund.de\/?page_id=332"},"modified":"2025-04-04T09:12:18","modified_gmt":"2025-04-04T09:12:18","slug":"wohlergehen","status":"publish","type":"page","link":"http:\/\/seestern-hund.de\/?page_id=332","title":{"rendered":"Wohlergehen"},"content":{"rendered":"<div class=\"wp-block-image\">\n<figure class=\"aligncenter size-large is-resized\"><img loading=\"lazy\" decoding=\"async\" width=\"640\" height=\"612\" src=\"http:\/\/seestern-hund.de\/wp-content\/uploads\/2020\/08\/animal-4325997_640.png\" alt=\"\" class=\"wp-image-651\" style=\"width:146px;height:139px\" srcset=\"http:\/\/seestern-hund.de\/wp-content\/uploads\/2020\/08\/animal-4325997_640.png 640w, http:\/\/seestern-hund.de\/wp-content\/uploads\/2020\/08\/animal-4325997_640-300x287.png 300w\" sizes=\"auto, (max-width: 640px) 100vw, 640px\" \/><\/figure>\n<\/div>\n\n\n<p><\/p>\n\n\n\n<p><\/p>\n\n\n\n<p>F\u00fcr alle Rassen und Altersklassen sind Bewegungen im Wasser geeignet und die beste M\u00f6glichkeit des gelenkschonenden Muskelaufbaus. <\/p>\n\n\n\n<p class=\"has-text-align-left\">Aktive Bewegung ohne Belastung der Gelenke, da das K\u00f6rpergewicht vom Wasser getragen wird.<\/p>\n\n\n\n<p>Ebenso werden die Kondition sowie das Herz-Kreislaufsystem verbessert. Auch zur Gewichtsabnahme ist die Schwimmtherapie hervorragend geeignet.<\/p>\n\n\n\n<p>Hunde mit chronischen Erkrankungen wie Arthrose k\u00f6nnen im Wasser wieder mit B\u00e4llen spielen, was zus\u00e4tzlich der Psyche des kranken Hundes gut tut.<\/p>\n\n\n\n<p><\/p>\n","protected":false},"excerpt":{"rendered":"<p>F\u00fcr alle Rassen und Altersklassen sind Bewegungen im Wasser geeignet und die beste M\u00f6glichkeit des gelenkschonenden Muskelaufbaus. Aktive Bewegung ohne Belastung der Gelenke, da das K\u00f6rpergewicht vom Wasser getragen wird. Ebenso werden die Kondition sowie das Herz-Kreislaufsystem verbessert. Auch zur Gewichtsabnahme ist die Schwimmtherapie hervorragend geeignet. Hunde mit chronischen Erkrankungen wie Arthrose k\u00f6nnen im Wasser [&hellip;]<\/p>\n","protected":false},"author":1,"featured_media":0,"parent":0,"menu_order":0,"comment_status":"closed","ping_status":"closed","template":"","meta":{"footnotes":""},"class_list":["post-332","page","type-page","status-publish","hentry"],"_links":{"self":[{"href":"http:\/\/seestern-hund.de\/index.php?rest_route=\/wp\/v2\/pages\/332","targetHints":{"allow":["GET"]}}],"collection":[{"href":"http:\/\/seestern-hund.de\/index.php?rest_route=\/wp\/v2\/pages"}],"about":[{"href":"http:\/\/seestern-hund.de\/index.php?rest_route=\/wp\/v2\/types\/page"}],"author":[{"embeddable":true,"href":"http:\/\/seestern-hund.de\/index.php?rest_route=\/wp\/v2\/users\/1"}],"replies":[{"embeddable":true,"href":"http:\/\/seestern-hund.de\/index.php?rest_route=%2Fwp%2Fv2%2Fcomments&post=332"}],"version-history":[{"count":14,"href":"http:\/\/seestern-hund.de\/index.php?rest_route=\/wp\/v2\/pages\/332\/revisions"}],"predecessor-version":[{"id":1149,"href":"http:\/\/seestern-hund.de\/index.php?rest_route=\/wp\/v2\/pages\/332\/revisions\/1149"}],"wp:attachment":[{"href":"http:\/\/seestern-hund.de\/index.php?rest_route=%2Fwp%2Fv2%2Fmedia&parent=332"}],"curies":[{"name":"wp","href":"https:\/\/api.w.org\/{rel}","templated":true}]}}