{"id":320,"date":"2020-08-16T20:29:58","date_gmt":"2020-08-16T20:29:58","guid":{"rendered":"http:\/\/seestern-hund.de\/?page_id=320"},"modified":"2025-04-04T09:16:35","modified_gmt":"2025-04-04T09:16:35","slug":"verhaltensregel","status":"publish","type":"page","link":"http:\/\/seestern-hund.de\/?page_id=320","title":{"rendered":"Verhaltensregeln im Schwimmbad"},"content":{"rendered":"<div class=\"wp-block-image\">\n<figure class=\"aligncenter size-large is-resized\"><img loading=\"lazy\" decoding=\"async\" width=\"562\" height=\"1024\" src=\"http:\/\/seestern-hund.de\/wp-content\/uploads\/2020\/08\/dog-1773712_1280-562x1024.png\" alt=\"\" class=\"wp-image-704\" style=\"width:90px;height:163px\" srcset=\"http:\/\/seestern-hund.de\/wp-content\/uploads\/2020\/08\/dog-1773712_1280-562x1024.png 562w, http:\/\/seestern-hund.de\/wp-content\/uploads\/2020\/08\/dog-1773712_1280-165x300.png 165w, http:\/\/seestern-hund.de\/wp-content\/uploads\/2020\/08\/dog-1773712_1280.png 702w\" sizes=\"auto, (max-width: 562px) 100vw, 562px\" \/><\/figure>\n<\/div>\n\n\n<p><\/p>\n\n\n\n<ol class=\"wp-block-list\">\n<li>Unbedingt zu beachten: Gro\u00dfes und kleines Gesch\u00e4ft vorher erledigen.<\/li>\n\n\n\n<li>Die letzte Mahlzeit des Vierbeiners sollte mindestens zwei Stunden zur\u00fcckliegen.<\/li>\n\n\n\n<li>Bitte nur mit einem sauberen und frisch geb\u00fcrsteten Hund im Schwimmbad erscheinen.<\/li>\n\n\n\n<li>Bringen Sie eigene Handt\u00fccher mit um Ihren Vierbeiner zu trocken.<\/li>\n\n\n\n<li>Wenn vorhanden bringen Sie einen Bademantel mit, um die Muskulatur nach dem Schwimmen warm zu halten. <\/li>\n\n\n\n<li>Hunde, die unter Erkrankungen wie Harn- oder Stuhlinkontinenz,&nbsp;Epilepsie, offene Wunden, Entz\u00fcndungen oder akuten Infekten leiden, d\u00fcrfen aus Vor- und R\u00fccksicht nicht ins Hundeschwimmbad. Dies gilt auch f\u00fcr l\u00e4ufige H\u00fcndinnen.<\/li>\n\n\n\n<li>F\u00fcr Sie als Bewgleitperson bringen Sie bitte ebenfalls Schwimmkleidung und Handt\u00fccher mit.<\/li>\n<\/ol>\n\n\n\n<p><\/p>\n\n\n\n<p class=\"has-text-align-center\"><a href=\"http:\/\/seestern-hund.de\/?page_id=200\">Was kostet ein Aufenthalt?<\/a><\/p>\n","protected":false},"excerpt":{"rendered":"<p>Was kostet ein Aufenthalt?<\/p>\n","protected":false},"author":1,"featured_media":0,"parent":0,"menu_order":0,"comment_status":"closed","ping_status":"closed","template":"","meta":{"footnotes":""},"class_list":["post-320","page","type-page","status-publish","hentry"],"_links":{"self":[{"href":"http:\/\/seestern-hund.de\/index.php?rest_route=\/wp\/v2\/pages\/320","targetHints":{"allow":["GET"]}}],"collection":[{"href":"http:\/\/seestern-hund.de\/index.php?rest_route=\/wp\/v2\/pages"}],"about":[{"href":"http:\/\/seestern-hund.de\/index.php?rest_route=\/wp\/v2\/types\/page"}],"author":[{"embeddable":true,"href":"http:\/\/seestern-hund.de\/index.php?rest_route=\/wp\/v2\/users\/1"}],"replies":[{"embeddable":true,"href":"http:\/\/seestern-hund.de\/index.php?rest_route=%2Fwp%2Fv2%2Fcomments&post=320"}],"version-history":[{"count":19,"href":"http:\/\/seestern-hund.de\/index.php?rest_route=\/wp\/v2\/pages\/320\/revisions"}],"predecessor-version":[{"id":1150,"href":"http:\/\/seestern-hund.de\/index.php?rest_route=\/wp\/v2\/pages\/320\/revisions\/1150"}],"wp:attachment":[{"href":"http:\/\/seestern-hund.de\/index.php?rest_route=%2Fwp%2Fv2%2Fmedia&parent=320"}],"curies":[{"name":"wp","href":"https:\/\/api.w.org\/{rel}","templated":true}]}}