{"id":314,"date":"2020-08-16T20:50:38","date_gmt":"2020-08-16T20:50:38","guid":{"rendered":"http:\/\/seestern-hund.de\/?page_id=314"},"modified":"2022-03-29T10:17:50","modified_gmt":"2022-03-29T10:17:50","slug":"haftungsausschluss","status":"publish","type":"page","link":"http:\/\/seestern-hund.de\/?page_id=314","title":{"rendered":"Haftungsausschluss"},"content":{"rendered":"\n<p><strong>Haftungsausschluss\/Haftungserkl\u00e4rung<\/strong><\/p>\n\n\n\n<p>Hiermit erkl\u00e4re ich und erkenne durch meine Unterschrift ausdr\u00fccklich an, dass ich ausschlie\u00dflich und uneingeschr\u00e4nkt auf eigene Gefahr und eignes Risiko das Gel\u00e4nde und somit den Hundepool von Thomas Poth (tpoth) und Gerda Baden Poth betrete, mich dort aufhalte und dessen Hundeschwimmbad benutze. <\/p>\n\n\n\n<p>Oben genannte \u00fcbernehmen demnach keine Haftung f\u00fcr Sch\u00e4den oder Krankheit aus der Vermietung bzw. Nutzung des Pools und der sich dort befindlichen Hilfs\/Gebrauchsmittel f\u00fcr Hund und Mensch. Die Haftung f\u00fcr jeglichen Schadenseintritt wird ausgeschlossen. Der Haftungsausschluss gilt nicht f\u00fcr solche Sch\u00e4den, die durch grobe Fahrl\u00e4ssigkeit oder Vorsatz von oben genannte entstehen.<\/p>\n\n\n\n<p>Ich versichere, dass ich an keinerlei k\u00f6rperlichen Gebrechen leide, und\/oder unter Alkohol\/Drogen- oder Medikamenteneinfluss stehe, die ein Nutzen des Hundeschwimmbades in der T\u00fcchtigkeit beeinflussen.<\/p>\n\n\n\n<p>Anweisungen (<a rel=\"noreferrer noopener\" href=\"http:\/\/seestern-hund.de\/?page_id=320\" target=\"_blank\">Verhaltensregeln<\/a>) von Thomas Poth oder Gerda Baden Poth werde ich ausnahmslos Folge leisten. <\/p>\n\n\n\n<p>Der entstehende Aufwand zur Beseitigung von Verunreinigungen bspw. durch Kot, sind vom Mieter kostenpflichtig zu tragen. Bitte kl\u00e4ren Sie dies ggf. mit Ihrer Haftpflichtversicherung. <\/p>\n\n\n\n<p>Tetanus-Impfung des Hundes vorhanden Ja [&nbsp;&nbsp;&nbsp; ] Nein [&nbsp;&nbsp;&nbsp; ]<\/p>\n\n\n\n<p>Tollwut-Impfung des Hundes vorhanden Ja [&nbsp;&nbsp;&nbsp; ] Nein [&nbsp;&nbsp;&nbsp; ]<\/p>\n\n\n\n<p>Die letzte Mahlzeit des Vierbeiners liegt zwei Stunden zur\u00fcck Ja [&nbsp;&nbsp;&nbsp; ] Nein [&nbsp;&nbsp;&nbsp; ]<\/p>\n\n\n\n<p>Erkrankungen wie Harn- oder Kotinkontinenz,\u00a0Epilepsie, offene Wunden, Hauterkrankungen, Entz\u00fcndungen oder akute Infekte liegen <strong>nicht<\/strong> vor Ja [\u00a0\u00a0\u00a0 ] Nein [\u00a0\u00a0\u00a0 ]<\/p>\n\n\n\n<p>Herz-Kreislauf-Erkrankungen liegen <strong>nicht<\/strong> vor Ja [\u00a0\u00a0\u00a0 ] Nein [\u00a0\u00a0\u00a0 ]<\/p>\n\n\n\n<p>Die vorstehenden Bedingungen habe ich gelesen, verstanden und erkenne sie ebenso wie die allgemeinen Gesch\u00e4ftsbedingungen von Thomas Poth (tpoth) durch meine Unterschrift uneingeschr\u00e4nkt an.<\/p>\n\n\n\n<p>Datum_______________________________________________________<\/p>\n\n\n\n<p><\/p>\n\n\n\n<p>Name des Mieters _____________________________________________<\/p>\n\n\n\n<p><\/p>\n\n\n\n<p>Strasse ______________________________________________________ <\/p>\n\n\n\n<p><\/p>\n\n\n\n<p>PLZ\/Ort  ______________________________________________________ <\/p>\n\n\n\n<p><\/p>\n\n\n\n<p>Name des Hundes______________________________________________<\/p>\n\n\n\n<p><\/p>\n\n\n\n<p>Ort&nbsp; Unterschrift _______________________________________________<\/p>\n\n\n\n<p><\/p>\n\n\n\n<p><a href=\"http:\/\/seestern-hund.de\/wp-content\/uploads\/2022\/02\/Seestern-HaftungsausschlussV3.pdf\">Als PDF <\/a><a href=\"http:\/\/seestern-hund.de\/wp-content\/uploads\/2022\/03\/Seestern-HaftungsausschlussV4.pdf\">herunterladen<\/a><\/p>\n\n\n\n<p><\/p>\n","protected":false},"excerpt":{"rendered":"<p>Haftungsausschluss\/Haftungserkl\u00e4rung Hiermit erkl\u00e4re ich und erkenne durch meine Unterschrift ausdr\u00fccklich an, dass ich ausschlie\u00dflich und uneingeschr\u00e4nkt auf eigene Gefahr und eignes Risiko das Gel\u00e4nde und somit den Hundepool von Thomas Poth (tpoth) und Gerda Baden Poth betrete, mich dort aufhalte und dessen Hundeschwimmbad benutze. Oben genannte \u00fcbernehmen demnach keine Haftung f\u00fcr Sch\u00e4den oder Krankheit aus [&hellip;]<\/p>\n","protected":false},"author":1,"featured_media":0,"parent":0,"menu_order":0,"comment_status":"closed","ping_status":"closed","template":"","meta":{"footnotes":""},"class_list":["post-314","page","type-page","status-publish","hentry"],"_links":{"self":[{"href":"http:\/\/seestern-hund.de\/index.php?rest_route=\/wp\/v2\/pages\/314","targetHints":{"allow":["GET"]}}],"collection":[{"href":"http:\/\/seestern-hund.de\/index.php?rest_route=\/wp\/v2\/pages"}],"about":[{"href":"http:\/\/seestern-hund.de\/index.php?rest_route=\/wp\/v2\/types\/page"}],"author":[{"embeddable":true,"href":"http:\/\/seestern-hund.de\/index.php?rest_route=\/wp\/v2\/users\/1"}],"replies":[{"embeddable":true,"href":"http:\/\/seestern-hund.de\/index.php?rest_route=%2Fwp%2Fv2%2Fcomments&post=314"}],"version-history":[{"count":22,"href":"http:\/\/seestern-hund.de\/index.php?rest_route=\/wp\/v2\/pages\/314\/revisions"}],"predecessor-version":[{"id":1045,"href":"http:\/\/seestern-hund.de\/index.php?rest_route=\/wp\/v2\/pages\/314\/revisions\/1045"}],"wp:attachment":[{"href":"http:\/\/seestern-hund.de\/index.php?rest_route=%2Fwp%2Fv2%2Fmedia&parent=314"}],"curies":[{"name":"wp","href":"https:\/\/api.w.org\/{rel}","templated":true}]}}