{"id":2,"date":"2016-05-10T03:48:21","date_gmt":"2016-05-10T03:48:21","guid":{"rendered":"http:\/\/seestern-hund.de\/?page_id=2"},"modified":"2025-04-04T09:11:49","modified_gmt":"2025-04-04T09:11:49","slug":"sample-page","status":"publish","type":"page","link":"http:\/\/seestern-hund.de\/?page_id=2","title":{"rendered":"Schwimmbecken"},"content":{"rendered":"\n<p><code data-rich-text-format-boundary=\"true\">\t\t<div class=\"dimage-360-area\" id=\"dtcontainer_1\"><\/div>\r\n\t\t<script>\r\n\t\tvar div = document.getElementById('dtcontainer_1');\r\n\t\tvar PSV = new PhotoSphereViewer({\r\n\t\t\t\tpanorama: 'http:\/\/seestern-hund.de\/wp-content\/uploads\/2021\/06\/Hundesschwimmbad360_1-scaled.jpg',\r\n\t\t\t\tcontainer: div,\r\n\t\t\t\tdefault_position: {long: 0\/60},\r\n\t\t\t\ttime_anim: 1000,\r\n\t\t\t\tnavbar: true,\r\n\t\t\t\tallow_scroll_to_zoom: 1,\r\n\t\t\t\tzoom_level: 0,\r\n\t\t\t\tanim_speed: '2rpm',\r\n\t\t\t\tnavbar_style: {\r\n\t\t\t\t\tbackgroundColor: 'rgba(58, 67, 77, 0.7)'\r\n\t\t\t\t},\t\t\r\n\t\t\t});\r\n\t\t<\/script>   \r\n\t\t<\/code><\/p>\n\n\n\n<p class=\"has-text-align-left\">Das <a href=\"http:\/\/seestern-hund.de\/?p=793\">Salzwasser<\/a>-Becken ist 3,8 Meter breit, 6 Meter lang und umfasst 25.000 Liter Wasser. Zus\u00e4tzlich zu der best\u00e4ndigen Wassertemperatur von 31\u00b0c existiert zum Einstieg eine lange Rampe. Somit ist ein sicherer Ein- und Ausstieg gew\u00e4hrleistet. Eine Sand-Filteranlage sorgt stets f\u00fcr sauberes Wasser. Die Umgebungstemperatur liegt ca. 2 Grad h\u00f6her, der Pool ist das ganze Jahr nutzbar und somit ideal f\u00fcr die kalte Jahreszeit. Eine Umkleidekabine steht ebenfalls zur Verf\u00fcgung.<\/p>\n\n\n\n<figure class=\"wp-block-image size-large is-style-default\"><img loading=\"lazy\" decoding=\"async\" width=\"768\" height=\"1024\" src=\"http:\/\/seestern-hund.de\/wp-content\/uploads\/2020\/08\/IMG_20200718_193757-768x1024.jpg\" alt=\"\" class=\"wp-image-79\" srcset=\"http:\/\/seestern-hund.de\/wp-content\/uploads\/2020\/08\/IMG_20200718_193757-768x1024.jpg 768w, http:\/\/seestern-hund.de\/wp-content\/uploads\/2020\/08\/IMG_20200718_193757-225x300.jpg 225w, http:\/\/seestern-hund.de\/wp-content\/uploads\/2020\/08\/IMG_20200718_193757-1152x1536.jpg 1152w, http:\/\/seestern-hund.de\/wp-content\/uploads\/2020\/08\/IMG_20200718_193757-1536x2048.jpg 1536w, http:\/\/seestern-hund.de\/wp-content\/uploads\/2020\/08\/IMG_20200718_193757-scaled.jpg 1920w\" sizes=\"auto, (max-width: 768px) 100vw, 768px\" \/><\/figure>\n\n\n\n<p><\/p>\n\n\n\n<p><\/p>\n\n\n\n<figure class=\"wp-block-image size-large is-style-default\"><img loading=\"lazy\" decoding=\"async\" width=\"768\" height=\"1024\" src=\"http:\/\/seestern-hund.de\/wp-content\/uploads\/2021\/05\/ZurUmkleide-768x1024.jpg\" alt=\"\" class=\"wp-image-899\" srcset=\"http:\/\/seestern-hund.de\/wp-content\/uploads\/2021\/05\/ZurUmkleide-768x1024.jpg 768w, http:\/\/seestern-hund.de\/wp-content\/uploads\/2021\/05\/ZurUmkleide-225x300.jpg 225w, http:\/\/seestern-hund.de\/wp-content\/uploads\/2021\/05\/ZurUmkleide-1152x1536.jpg 1152w, http:\/\/seestern-hund.de\/wp-content\/uploads\/2021\/05\/ZurUmkleide-1536x2048.jpg 1536w, http:\/\/seestern-hund.de\/wp-content\/uploads\/2021\/05\/ZurUmkleide-scaled.jpg 1920w\" sizes=\"auto, (max-width: 768px) 100vw, 768px\" \/><\/figure>\n\n\n\n<p><\/p>\n\n\n\n<p class=\"has-text-align-center\">Ein Blick in die Umkleidekabine.<\/p>\n\n\n\n<figure class=\"wp-block-image size-large is-style-default\"><img loading=\"lazy\" decoding=\"async\" width=\"768\" height=\"1024\" src=\"http:\/\/seestern-hund.de\/wp-content\/uploads\/2021\/05\/Umkleide-768x1024.jpg\" alt=\"\" class=\"wp-image-898\" srcset=\"http:\/\/seestern-hund.de\/wp-content\/uploads\/2021\/05\/Umkleide-768x1024.jpg 768w, http:\/\/seestern-hund.de\/wp-content\/uploads\/2021\/05\/Umkleide-225x300.jpg 225w, http:\/\/seestern-hund.de\/wp-content\/uploads\/2021\/05\/Umkleide-1152x1536.jpg 1152w, http:\/\/seestern-hund.de\/wp-content\/uploads\/2021\/05\/Umkleide-1536x2048.jpg 1536w, http:\/\/seestern-hund.de\/wp-content\/uploads\/2021\/05\/Umkleide-scaled.jpg 1920w\" sizes=\"auto, (max-width: 768px) 100vw, 768px\" \/><\/figure>\n\n\n\n<p class=\"has-text-align-center\"><a href=\"http:\/\/seestern-hund.de\/?page_id=332\">Warum sollten Hunde ins Wasser?<\/a><\/p>\n\n\n\n<p><\/p>\n","protected":false},"excerpt":{"rendered":"<p>Das Salzwasser-Becken ist 3,8 Meter breit, 6 Meter lang und umfasst 25.000 Liter Wasser. Zus\u00e4tzlich zu der best\u00e4ndigen Wassertemperatur von 31\u00b0c existiert zum Einstieg eine lange Rampe. Somit ist ein sicherer Ein- und Ausstieg gew\u00e4hrleistet. Eine Sand-Filteranlage sorgt stets f\u00fcr sauberes Wasser. Die Umgebungstemperatur liegt ca. 2 Grad h\u00f6her, der Pool ist das ganze Jahr [&hellip;]<\/p>\n","protected":false},"author":1,"featured_media":0,"parent":0,"menu_order":0,"comment_status":"closed","ping_status":"open","template":"","meta":{"footnotes":""},"class_list":["post-2","page","type-page","status-publish","hentry"],"_links":{"self":[{"href":"http:\/\/seestern-hund.de\/index.php?rest_route=\/wp\/v2\/pages\/2","targetHints":{"allow":["GET"]}}],"collection":[{"href":"http:\/\/seestern-hund.de\/index.php?rest_route=\/wp\/v2\/pages"}],"about":[{"href":"http:\/\/seestern-hund.de\/index.php?rest_route=\/wp\/v2\/types\/page"}],"author":[{"embeddable":true,"href":"http:\/\/seestern-hund.de\/index.php?rest_route=\/wp\/v2\/users\/1"}],"replies":[{"embeddable":true,"href":"http:\/\/seestern-hund.de\/index.php?rest_route=%2Fwp%2Fv2%2Fcomments&post=2"}],"version-history":[{"count":56,"href":"http:\/\/seestern-hund.de\/index.php?rest_route=\/wp\/v2\/pages\/2\/revisions"}],"predecessor-version":[{"id":1148,"href":"http:\/\/seestern-hund.de\/index.php?rest_route=\/wp\/v2\/pages\/2\/revisions\/1148"}],"wp:attachment":[{"href":"http:\/\/seestern-hund.de\/index.php?rest_route=%2Fwp%2Fv2%2Fmedia&parent=2"}],"curies":[{"name":"wp","href":"https:\/\/api.w.org\/{rel}","templated":true}]}}